{"id":221,"date":"2025-05-06T11:09:41","date_gmt":"2025-05-06T11:09:41","guid":{"rendered":"https:\/\/pellonarquitectos.es\/?page_id=221"},"modified":"2025-09-02T15:34:10","modified_gmt":"2025-09-02T15:34:10","slug":"accesibilidad","status":"publish","type":"page","link":"https:\/\/pellonarquitectos.es\/en\/accesibilidad\/","title":{"rendered":"Accessibility"},"content":{"rendered":"<p><strong>ACCESIBILIDAD WEB<\/strong><\/p>\n\n\n\n<p><strong>Actualizado 06\/05\/2025<\/strong><strong><\/strong><\/p>\n\n\n\n<p><strong>PELLON ARQUITECTOS SLPU se compromete en hacer accesible su sitio web de conformidad con el&nbsp;<\/strong><a href=\"https:\/\/www.boe.es\/diario_boe\/txt.php?id=BOE-A-2018-12699\" target=\"_blank\" rel=\"noopener\"><strong>Real Decreto 1112\/2018<\/strong><\/a><strong>, sobre accesibilidad de los sitios webs y aplicaciones para dispositivos m\u00f3viles del sector p\u00fablico.<\/strong><\/p>\n\n\n\n<p>La presente declaraci\u00f3n de accesibilidad se aplica al sitio web a pellonarquitectos.es<\/p>\n\n\n\n<p><strong>SITUACI\u00d3N DE CUMPLIMIENTO<\/strong><\/p>\n\n\n\n<p>Este sitio web es parcialmente conforme con el&nbsp;<a href=\"https:\/\/www.boe.es\/diario_boe\/txt.php?id=BOE-A-2018-12699\" target=\"_blank\" rel=\"noopener\">RD 1112\/2018<\/a>&nbsp;debido a la falta de conformidad de los aspectos que se indican a continuaci\u00f3n.<\/p>\n\n\n\n<p><strong>Contenido no accesible<\/strong><\/p>\n\n\n\n<p>El contenido que se recoge a continuaci\u00f3n no es accesible por lo siguiente:<\/p>\n\n\n\n<p><strong>Falta de conformidad con el RD 1112\/2018<\/strong><\/p>\n\n\n\n<ul class=\"wp-block-list\">\n<li>Se pueden encontrar im\u00e1genes sin que acompa\u00f1e texto explicativo.<\/li>\n\n\n\n<li>Se puede encontrar a\u00fan anidamientos incorrectos de etiquetas.<\/li>\n\n\n\n<li>Podr\u00edan existir fallos de edici\u00f3n en la p\u00e1gina web.<\/li>\n<\/ul>\n\n\n\n<p><strong>Carga desproporcionada<\/strong><\/p>\n\n\n\n<ul class=\"wp-block-list\">\n<li>No aplica.<\/li>\n<\/ul>\n\n\n\n<p><strong>El contenido no entra dentro del \u00e1mbito de la legislaci\u00f3n aplicable.<\/strong><\/p>\n\n\n\n<ul class=\"wp-block-list\">\n<li>Existen archivos ofim\u00e1ticos en PDF que no cumplan en su totalidad todos los requisitos de accesibilidad.<\/li>\n<\/ul>\n\n\n\n<p>La presente declaraci\u00f3n fue preparada el &nbsp;6 de mayo de 2025.<\/p>\n\n\n\n<p>El m\u00e9todo empleado para preparar la declaraci\u00f3n ha sido una autoevaluaci\u00f3n llevada a cabo por el equipo de accesibilidad.<\/p>\n\n\n\n<p>\u00daltima revisi\u00f3n de la declaraci\u00f3n: 6 de mayo de 2025.<\/p>\n\n\n\n<p><strong>Observaciones y datos de contacto<\/strong><\/p>\n\n\n\n<p>Puede realizar comunicaciones sobre requisitos de accesibilidad (art\u00edculo 10.2.a) del RD 1112\/2018) como por ejemplo:<\/p>\n\n\n\n<ul class=\"wp-block-list\">\n<li>Informar sobre cualquier posible incumplimiento por parte de este sitio web.<\/li>\n\n\n\n<li>Transmitir otras dificultades de acceso al contenido.<\/li>\n\n\n\n<li>Formular cualquier otra consulta o sugerencia de mejora relativa a la accesibilidad del sitio web.<\/li>\n<\/ul>\n\n\n\n<p>A trav\u00e9s de nuestro buz\u00f3n de sugerencias <a href=\"mailto:info@pellonarquitectos.es\">info@pellonarquitectos.es<\/a> Las comunicaciones ser\u00e1n recibidas y tratadas por el equipo de Accesibilidad.<\/p>","protected":false},"excerpt":{"rendered":"<p>ACCESIBILIDAD WEB Actualizado 06\/05\/2025 PELLON ARQUITECTOS SLPU se compromete en hacer accesible su sitio web de conformidad con el&nbsp;Real Decreto 1112\/2018, sobre accesibilidad de los sitios webs y aplicaciones para dispositivos m\u00f3viles del sector p\u00fablico. La presente declaraci\u00f3n de accesibilidad se aplica al sitio web a pellonarquitectos.es SITUACI\u00d3N DE CUMPLIMIENTO Este sitio web es parcialmente [&hellip;]<\/p>\n","protected":false},"author":1,"featured_media":0,"parent":0,"menu_order":0,"comment_status":"closed","ping_status":"closed","template":"","meta":{"_acf_changed":false,"footnotes":""},"class_list":["post-221","page","type-page","status-publish","hentry"],"acf":[],"_links":{"self":[{"href":"https:\/\/pellonarquitectos.es\/en\/wp-json\/wp\/v2\/pages\/221","targetHints":{"allow":["GET"]}}],"collection":[{"href":"https:\/\/pellonarquitectos.es\/en\/wp-json\/wp\/v2\/pages"}],"about":[{"href":"https:\/\/pellonarquitectos.es\/en\/wp-json\/wp\/v2\/types\/page"}],"author":[{"embeddable":true,"href":"https:\/\/pellonarquitectos.es\/en\/wp-json\/wp\/v2\/users\/1"}],"replies":[{"embeddable":true,"href":"https:\/\/pellonarquitectos.es\/en\/wp-json\/wp\/v2\/comments?post=221"}],"version-history":[{"count":2,"href":"https:\/\/pellonarquitectos.es\/en\/wp-json\/wp\/v2\/pages\/221\/revisions"}],"predecessor-version":[{"id":234,"href":"https:\/\/pellonarquitectos.es\/en\/wp-json\/wp\/v2\/pages\/221\/revisions\/234"}],"wp:attachment":[{"href":"https:\/\/pellonarquitectos.es\/en\/wp-json\/wp\/v2\/media?parent=221"}],"curies":[{"name":"wp","href":"https:\/\/api.w.org\/{rel}","templated":true}]}}